{"id":443,"date":"2021-12-07T08:12:19","date_gmt":"2021-12-07T08:12:19","guid":{"rendered":"https:\/\/anphaviet.com\/bang-bao-gia\/"},"modified":"2021-12-07T08:12:19","modified_gmt":"2021-12-07T08:12:19","slug":"bang-bao-gia","status":"publish","type":"page","link":"https:\/\/anphaviet.com\/vi\/bang-bao-gia\/","title":{"rendered":"B\u1ea3ng b\u00e1o gi\u00e1"},"content":{"rendered":"\n\n\t<section class=\"section dark\" id=\"section_1013385254\">\n\t\t<div class=\"section-bg fill\" >\n\t\t\t\t\t\t\t\t\t\n\t\t\t\n\n\t\t<\/div>\n\n\t\t\n\n\t\t<div class=\"section-content relative\">\n\t\t\t\n\n\t<div id=\"gap-485682710\" class=\"gap-element clearfix\" style=\"display:block; height:auto;\">\n\t\t\n<style>\n#gap-485682710 {\n  padding-top: 30px;\n}\n<\/style>\n\t<\/div>\n\t\n\n<div class=\"row\"  id=\"row-1536727837\">\n\n\n\t<div id=\"col-1478273421\" class=\"col medium-6 small-12 large-6\"  >\n\t\t\t\t<div class=\"col-inner\"  >\n\t\t\t\n\t\t\t\n\n\t<div id=\"text-4001262893\" class=\"text\">\n\t\t\n\n<h2>B\u1ea3ng b\u00e1o gi\u00e1 c\u1ee7a ch\u00fang t\u00f4i<\/h2>\n\t\t\n<style>\n#text-4001262893 {\n  font-size: 1.5rem;\n}\n<\/style>\n\t<\/div>\n\t\n<a class=\"button white is-link lowercase\" >\n\t\t<span>An Pha Vi\u1ec7t<\/span>\n\t<i class=\"icon-angle-right\" aria-hidden=\"true\"><\/i><\/a>\n\n\n\n\t\t<\/div>\n\t\t\t\t\t<\/div>\n\n\t\n\n\t<div id=\"col-553693969\" class=\"col medium-6 small-12 large-6\"  >\n\t\t\t\t<div class=\"col-inner\"  >\n\t\t\t\n\t\t\t\n\n\t<div id=\"gap-40256301\" class=\"gap-element clearfix\" style=\"display:block; height:auto;\">\n\t\t\n<style>\n#gap-40256301 {\n  padding-top: 5px;\n}\n<\/style>\n\t<\/div>\n\t\n\n<p>Ch\u1ecdn d\u1ecbch v\u1ee5 \u0111\u1ec3 xem b\u1ea3ng gi\u00e1 c\u1ee7a An Pha Vi\u1ec7t. Gi\u00e1 c\u1ea3 c\u1ee7a ch\u00fang t\u00f4i l\u00e0 h\u1ee3p l\u00fd.<\/p>\n\n\t\t<\/div>\n\t\t\t\t\t<\/div>\n\n\t\n\n<\/div>\n\t<div id=\"gap-1382184146\" class=\"gap-element clearfix\" style=\"display:block; height:auto;\">\n\t\t\n<style>\n#gap-1382184146 {\n  padding-top: 110px;\n}\n@media (min-width:550px) {\n  #gap-1382184146 {\n    padding-top: 120px;\n  }\n}\n@media (min-width:850px) {\n  #gap-1382184146 {\n    padding-top: 100px;\n  }\n}\n<\/style>\n\t<\/div>\n\t\n\n\n\t\t<\/div>\n\n\t\t\n<style>\n#section_1013385254 {\n  padding-top: 60px;\n  padding-bottom: 60px;\n  background-color: #6fa6d4;\n}\n@media (min-width:850px) {\n  #section_1013385254 {\n    padding-top: 30px;\n    padding-bottom: 30px;\n  }\n}\n<\/style>\n\t<\/section>\n\t\n\n\t<section class=\"section\" id=\"section_655422406\">\n\t\t<div class=\"section-bg fill\" >\n\t\t\t\t\t\t\t\t\t\n\t\t\t\n\n\t\t<\/div>\n\n\t\t\n\n\t\t<div class=\"section-content relative\">\n\t\t\t\n\n<div class=\"row\"  id=\"row-1568964713\">\n\n\n\t<div id=\"col-296654504\" class=\"col small-12 large-12\"  >\n\t\t\t\t<div class=\"col-inner\"  >\n\t\t\t\n\t\t\t\n\n<div class=\"row align-equal\"  id=\"row-349940610\">\n\n\n\t<div id=\"col-323087662\" class=\"col medium-4 small-12 large-4\"  >\n\t\t\t\t<div class=\"col-inner\"  >\n\t\t\t\n\t\t\t\n\n\n\t\t<div class=\"icon-box featured-box icon-box-center text-center\"  >\n\t\t\t\t\t<div class=\"icon-box-img\" style=\"width: 100px\">\n\t\t\t\t<div class=\"icon\">\n\t\t\t\t\t<div class=\"icon-inner\" style=\"color:rgb(217, 143, 143);\">\n\t\t\t\t\t\t<img loading=\"lazy\" decoding=\"async\" width=\"220\" height=\"220\" src=\"https:\/\/anphaviet.com\/wp-content\/uploads\/2021\/12\/Frame-7-2.png\" class=\"attachment-medium size-medium\" alt=\"\" srcset=\"https:\/\/anphaviet.com\/wp-content\/uploads\/2021\/12\/Frame-7-2.png 220w, https:\/\/anphaviet.com\/wp-content\/uploads\/2021\/12\/Frame-7-2-100x100.png 100w\" sizes=\"auto, (max-width: 220px) 100vw, 220px\" \/>\t\t\t\t\t<\/div>\n\t\t\t\t<\/div>\n\t\t\t<\/div>\n\t\t\t\t<div class=\"icon-box-text last-reset\">\n\t\t\t\t\t\t\t\t\t\n\n<h2>V\u1eadn chuy\u1ec3n Campuchia<\/h2>\n<p>T\u1eeb Vi\u1ec7t Nam sang Campuchia v\u00e0 ng\u01b0\u1ee3c l\u1ea1i.<\/p>\n\t<div id=\"gap-1445404095\" class=\"gap-element clearfix\" style=\"display:block; height:auto;\">\n\t\t\n<style>\n#gap-1445404095 {\n  padding-top: 25px;\n}\n<\/style>\n\t<\/div>\n\t\n\n<a class=\"button primary lowercase expand\" style=\"border-radius:99px;padding:7px 30px 7px 30px;\">\n\t\t<span>T\u00ecm hi\u1ec3u th\u00eam<\/span>\n\t<\/a>\n\n\n\n\t\t<\/div>\n\t<\/div>\n\t\n\t\n\n\t\t<\/div>\n\t\t\t\t\t<\/div>\n\n\t\n\n\t<div id=\"col-1455981542\" class=\"col medium-4 small-12 large-4\"  >\n\t\t\t\t<div class=\"col-inner\"  >\n\t\t\t\n\t\t\t\n\n\n\t\t<div class=\"icon-box featured-box icon-box-center text-center\"  >\n\t\t\t\t\t<div class=\"icon-box-img\" style=\"width: 100px\">\n\t\t\t\t<div class=\"icon\">\n\t\t\t\t\t<div class=\"icon-inner\" style=\"color:rgb(217, 143, 143);\">\n\t\t\t\t\t\t<img loading=\"lazy\" decoding=\"async\" width=\"220\" height=\"220\" src=\"https:\/\/anphaviet.com\/wp-content\/uploads\/2021\/12\/Frame-8.png\" class=\"attachment-medium size-medium\" alt=\"\" srcset=\"https:\/\/anphaviet.com\/wp-content\/uploads\/2021\/12\/Frame-8.png 220w, https:\/\/anphaviet.com\/wp-content\/uploads\/2021\/12\/Frame-8-100x100.png 100w\" sizes=\"auto, (max-width: 220px) 100vw, 220px\" \/>\t\t\t\t\t<\/div>\n\t\t\t\t<\/div>\n\t\t\t<\/div>\n\t\t\t\t<div class=\"icon-box-text last-reset\">\n\t\t\t\t\t\t\t\t\t\n\n<h2>V\u1eadn chuy\u1ec3n L\u00e0o<\/h2>\n<p>T\u1eeb Vi\u1ec7t Nam sang L\u00e0o v\u00e0 ng\u01b0\u1ee3c l\u1ea1i.<\/p>\n\t<div id=\"gap-1505090757\" class=\"gap-element clearfix\" style=\"display:block; height:auto;\">\n\t\t\n<style>\n#gap-1505090757 {\n  padding-top: 25px;\n}\n<\/style>\n\t<\/div>\n\t\n\n<a class=\"button primary lowercase expand\" style=\"border-radius:99px;padding:7px 30px 7px 30px;\">\n\t\t<span>T\u00ecm hi\u1ec3u th\u00eam<\/span>\n\t<\/a>\n\n\n\n\t\t<\/div>\n\t<\/div>\n\t\n\t\n\n\t\t<\/div>\n\t\t\t\t\t<\/div>\n\n\t\n\n\t<div id=\"col-1890969488\" class=\"col medium-4 small-12 large-4\"  >\n\t\t\t\t<div class=\"col-inner\"  >\n\t\t\t\n\t\t\t\n\n\n\t\t<div class=\"icon-box featured-box icon-box-center text-center\"  >\n\t\t\t\t\t<div class=\"icon-box-img\" style=\"width: 100px\">\n\t\t\t\t<div class=\"icon\">\n\t\t\t\t\t<div class=\"icon-inner\" style=\"color:rgb(217, 143, 143);\">\n\t\t\t\t\t\t<img loading=\"lazy\" decoding=\"async\" width=\"220\" height=\"220\" src=\"https:\/\/anphaviet.com\/wp-content\/uploads\/2021\/12\/Frame-9-1.png\" class=\"attachment-medium size-medium\" alt=\"\" srcset=\"https:\/\/anphaviet.com\/wp-content\/uploads\/2021\/12\/Frame-9-1.png 220w, https:\/\/anphaviet.com\/wp-content\/uploads\/2021\/12\/Frame-9-1-100x100.png 100w\" sizes=\"auto, (max-width: 220px) 100vw, 220px\" \/>\t\t\t\t\t<\/div>\n\t\t\t\t<\/div>\n\t\t\t<\/div>\n\t\t\t\t<div class=\"icon-box-text last-reset\">\n\t\t\t\t\t\t\t\t\t\n\n<h2>\u0110\u1ea1i l\u00fd h\u1ea3i quan<\/h2>\n<p>Gi\u00e1 c\u1ea3 c\u1ee7a ch\u00fang t\u00f4i l\u00e0 h\u1ee3p l\u00fd. Nh\u1ea5n v\u00e0o \u0111\u00e2y \u0111\u1ec3 xem chi ti\u1ebft.<\/p>\n\t<div id=\"gap-925681275\" class=\"gap-element clearfix\" style=\"display:block; height:auto;\">\n\t\t\n<style>\n#gap-925681275 {\n  padding-top: 25px;\n}\n<\/style>\n\t<\/div>\n\t\n\n<a class=\"button primary lowercase expand\" style=\"border-radius:99px;padding:7px 30px 7px 30px;\">\n\t\t<span>T\u00ecm hi\u1ec3u th\u00eam<\/span>\n\t<\/a>\n\n\n\n\t\t<\/div>\n\t<\/div>\n\t\n\t\n\n\t\t<\/div>\n\t\t\t\t\t<\/div>\n\n\t\n\n\n<style>\n#row-349940610 > .col > .col-inner {\n  padding: 40px 40px 50px 40px;\n  background-color: rgb(255,255,255);\n  border-radius: 15px;\n}\n@media (min-width:550px) {\n  #row-349940610 > .col > .col-inner {\n    padding: 20px 20px 40px 20px;\n  }\n}\n@media (min-width:850px) {\n  #row-349940610 > .col > .col-inner {\n    padding: 40px 40px 40px 40px;\n  }\n}\n<\/style>\n<\/div>\n\n\t\t<\/div>\n\t\t\t\t\n<style>\n#col-296654504 > .col-inner {\n  margin: -190px 0px 0px 0px;\n}\n<\/style>\n\t<\/div>\n\n\t\n\n<\/div>\n\n\t\t<\/div>\n\n\t\t\n<style>\n#section_655422406 {\n  padding-top: 40px;\n  padding-bottom: 40px;\n  background-color: rgb(223, 241, 255);\n}\n@media (min-width:850px) {\n  #section_655422406 {\n    padding-top: 60px;\n    padding-bottom: 60px;\n  }\n}\n<\/style>\n\t<\/section>\n\t\n\n","protected":false},"excerpt":{"rendered":"","protected":false},"author":1,"featured_media":0,"parent":0,"menu_order":0,"comment_status":"closed","ping_status":"closed","template":"","meta":{"footnotes":""},"class_list":["post-443","page","type-page","status-publish","hentry"],"_links":{"self":[{"href":"https:\/\/anphaviet.com\/vi\/wp-json\/wp\/v2\/pages\/443","targetHints":{"allow":["GET"]}}],"collection":[{"href":"https:\/\/anphaviet.com\/vi\/wp-json\/wp\/v2\/pages"}],"about":[{"href":"https:\/\/anphaviet.com\/vi\/wp-json\/wp\/v2\/types\/page"}],"author":[{"embeddable":true,"href":"https:\/\/anphaviet.com\/vi\/wp-json\/wp\/v2\/users\/1"}],"replies":[{"embeddable":true,"href":"https:\/\/anphaviet.com\/vi\/wp-json\/wp\/v2\/comments?post=443"}],"version-history":[{"count":0,"href":"https:\/\/anphaviet.com\/vi\/wp-json\/wp\/v2\/pages\/443\/revisions"}],"wp:attachment":[{"href":"https:\/\/anphaviet.com\/vi\/wp-json\/wp\/v2\/media?parent=443"}],"curies":[{"name":"wp","href":"https:\/\/api.w.org\/{rel}","templated":true}]}}