{"id":440,"date":"2021-12-07T08:07:46","date_gmt":"2021-12-07T08:07:46","guid":{"rendered":"https:\/\/anphaviet.com\/gioi-thieu\/"},"modified":"2021-12-07T08:07:46","modified_gmt":"2021-12-07T08:07:46","slug":"gioi-thieu","status":"publish","type":"page","link":"https:\/\/anphaviet.com\/vi\/gioi-thieu\/","title":{"rendered":"Gi\u1edbi thi\u1ec7u"},"content":{"rendered":"\n\n\t<section class=\"section\" id=\"section_1288320985\">\n\t\t<div class=\"section-bg fill\" >\n\t\t\t\t\t\t\t\t\t\n\t\t\t\n\n\t\t<\/div>\n\n\t\t\n\n\t\t<div class=\"section-content relative\">\n\t\t\t\n\n<div class=\"row row-collapse row-full-width align-middle\"  id=\"row-1894438823\">\n\n\n\t<div id=\"col-1264034011\" class=\"col medium-12 small-12 large-6\"  >\n\t\t\t\t<div class=\"col-inner\"  >\n\t\t\t\n\t\t\t\n\n<div class=\"row\"  id=\"row-217135384\">\n\n\n\t<div id=\"col-1192074371\" class=\"col medium-12 small-12 large-10\"  >\n\t\t\t\t<div class=\"col-inner\"  >\n\t\t\t\n\t\t\t\n\n\t<div id=\"text-2061702502\" class=\"text\">\n\t\t\n\n<h2>Gi\u1edbi thi\u1ec7u An Pha Vi\u1ec7t<\/h2>\n\t\t\n<style>\n#text-2061702502 {\n  font-size: 1.5rem;\n}\n<\/style>\n\t<\/div>\n\t\n<p>\u0110\u01b0\u1ee3c th\u00e0nh l\u1eadp v\u00e0o ng\u00e0y 09 th\u00e1ng 10 n\u0103m 2009, C\u00f4ng ty Tr\u00e1ch nhi\u1ec7m h\u1eefu h\u1ea1n Th\u01b0\u01a1ng m\u1ea1i D\u1ecbch v\u1ee5 Xu\u1ea5t nh\u1eadp kh\u1ea9u An Pha Vi\u1ec7t ho\u1ea1t \u0111\u1ed9ng trong l\u0129nh v\u1ef1c v\u1eadn t\u1ea3i, chuy\u1ec3n ph\u00e1t nhanh, cho thu\u00ea xe, m\u1edf t\u1edd khai xu\u1ea5t nh\u1eadp kh\u1ea9u, \u0111\u1eb7c bi\u1ec7t l\u00e0 chuy\u00ean s\u00e2u v\u1ec1 v\u1eadn t\u1ea3i \u0111\u01b0\u1eddng b\u1ed9 li\u00ean v\u1eadn \u0111i Cambodia, Lao v\u00e0 ng\u01b0\u1ee3c l\u1ea1i.<\/p>\n<p>M\u1ee5c ti\u00eau c\u1ee7a Giai \u0111o\u1ea1n Vi\u1ec7t Nam l\u00e0 chuy\u00ean nghi\u1ec7p h\u00f3a c\u00e1c ho\u1ea1t \u0111\u1ed9ng d\u1ecbch v\u1ee5, \u0111\u1eb7c bi\u1ec7t l\u00e0 chuy\u00ean nghi\u1ec7p h\u00f3a v\u1eadn t\u1ea3i \u0111\u01b0\u1eddng b\u1ed9 qua hai chi\u1ec1u Campuchia, L\u00e0o. V\u1edbi h\u01a1n 3 n\u0103m kinh nghi\u1ec7m c\u00f9ng v\u1edbi s\u1ef1 tin t\u01b0\u1edfng v\u00e0 \u1ee7ng h\u1ed9 c\u1ee7a nhi\u1ec1u kh\u00e1ch h\u00e0ng trong v\u00e0 ngo\u00e0i n\u01b0\u1edbc Ph\u00e0 Vi\u1ec7t \u0111\u00e3 kh\u1eb3ng \u0111\u1ecbnh l\u1ea1i s\u1ef1 chuy\u00ean nghi\u1ec7p v\u00e0 uy t\u00edn tr\u00ean th\u1ecb tr\u01b0\u1eddng Vi\u1ec7t Nam, L\u00e0o, Campuchia.<\/p>\n<div class=\"is-divider divider clearfix\" style=\"margin-top:1.5em;margin-bottom:1.5em;max-width:150px;background-color:rgb(194, 220, 230);\"><\/div>\n\n\n\t\t<\/div>\n\t\t\t\t\t<\/div>\n\n\t\n\n<\/div>\n\n\t\t<\/div>\n\t\t\t\t\n<style>\n#col-1264034011 > .col-inner {\n  padding: 30px 30px 30px 30px;\n}\n@media (min-width:850px) {\n  #col-1264034011 > .col-inner {\n    padding: 0px 0px 0px 15%;\n  }\n}\n<\/style>\n\t<\/div>\n\n\t\n\n\t<div id=\"col-705480037\" class=\"col medium-12 small-12 large-6 medium-col-first\"  >\n\t\t\t\t<div class=\"col-inner\"  >\n\t\t\t\n\t\t\t\n\n\n  <div class=\"banner has-hover\" id=\"banner-43063511\">\n          <div class=\"banner-inner fill\">\n        <div class=\"banner-bg fill\" >\n            <img loading=\"lazy\" decoding=\"async\" width=\"533\" height=\"800\" src=\"https:\/\/anphaviet.com\/wp-content\/uploads\/2021\/12\/toa-heftiba-4xe-yVFJCvw-unsplash-1-533x800.jpg\" class=\"bg attachment-large size-large\" alt=\"\" \/>                                    \n                    <\/div>\n\t\t\n        <div class=\"banner-layers container\">\n            <div class=\"fill banner-link\"><\/div>            \n\n   <div id=\"text-box-819667197\" class=\"text-box banner-layer x50 md-x50 lg-x50 y50 md-y50 lg-y50 res-text\">\n                                <div class=\"text-box-content text dark\">\n              \n              <div class=\"text-inner text-center\">\n                  \n\n\n              <\/div>\n           <\/div>\n                            \n<style>\n#text-box-819667197 {\n  width: 60%;\n}\n#text-box-819667197 .text-box-content {\n  font-size: 100%;\n}\n<\/style>\n    <\/div>\n \n\n        <\/div>\n      <\/div>\n\n            \n<style>\n#banner-43063511 {\n  padding-top: 99.99%;\n  background-color: rgba(255, 255, 255, 0);\n}\n#banner-43063511 .banner-bg img {\n  object-position: 55% 42%;\n}\n@media (min-width:550px) {\n  #banner-43063511 {\n    padding-top: 400px;\n  }\n}\n@media (min-width:850px) {\n  #banner-43063511 {\n    padding-top: 99.99%;\n  }\n}\n<\/style>\n  <\/div>\n\n\n\n\t\t<\/div>\n\t\t\t\t\t<\/div>\n\n\t\n\n<\/div>\n\n\t\t<\/div>\n\n\t\t\n<style>\n#section_1288320985 {\n  padding-top: 0px;\n  padding-bottom: 0px;\n}\n<\/style>\n\t<\/section>\n\t\n\n","protected":false},"excerpt":{"rendered":"","protected":false},"author":1,"featured_media":0,"parent":0,"menu_order":0,"comment_status":"closed","ping_status":"closed","template":"","meta":{"footnotes":""},"class_list":["post-440","page","type-page","status-publish","hentry"],"_links":{"self":[{"href":"https:\/\/anphaviet.com\/vi\/wp-json\/wp\/v2\/pages\/440","targetHints":{"allow":["GET"]}}],"collection":[{"href":"https:\/\/anphaviet.com\/vi\/wp-json\/wp\/v2\/pages"}],"about":[{"href":"https:\/\/anphaviet.com\/vi\/wp-json\/wp\/v2\/types\/page"}],"author":[{"embeddable":true,"href":"https:\/\/anphaviet.com\/vi\/wp-json\/wp\/v2\/users\/1"}],"replies":[{"embeddable":true,"href":"https:\/\/anphaviet.com\/vi\/wp-json\/wp\/v2\/comments?post=440"}],"version-history":[{"count":0,"href":"https:\/\/anphaviet.com\/vi\/wp-json\/wp\/v2\/pages\/440\/revisions"}],"wp:attachment":[{"href":"https:\/\/anphaviet.com\/vi\/wp-json\/wp\/v2\/media?parent=440"}],"curies":[{"name":"wp","href":"https:\/\/api.w.org\/{rel}","templated":true}]}}