{"id":437,"date":"2021-12-07T07:53:10","date_gmt":"2021-12-07T07:53:10","guid":{"rendered":"https:\/\/anphaviet.com\/cong-ty\/"},"modified":"2023-04-13T10:20:46","modified_gmt":"2023-04-13T10:20:46","slug":"cong-ty","status":"publish","type":"page","link":"https:\/\/anphaviet.com\/vi\/","title":{"rendered":"trang ch\u1ee7"},"content":{"rendered":"\n<div class=\"slider-wrapper relative\" id=\"slider-1888382583\" >\n    <div class=\"slider slider-nav-circle slider-nav-large slider-nav-light slider-style-normal\"\n        data-flickity-options='{\n            \"cellAlign\": \"center\",\n            \"imagesLoaded\": true,\n            \"lazyLoad\": 1,\n            \"freeScroll\": false,\n            \"wrapAround\": true,\n            \"autoPlay\": 6000,\n            \"pauseAutoPlayOnHover\" : true,\n            \"prevNextButtons\": true,\n            \"contain\" : true,\n            \"adaptiveHeight\" : true,\n            \"dragThreshold\" : 10,\n            \"percentPosition\": true,\n            \"pageDots\": true,\n            \"rightToLeft\": false,\n            \"draggable\": true,\n            \"selectedAttraction\": 0.1,\n            \"parallax\" : 0,\n            \"friction\": 0.6        }'\n        >\n        \n\n\n  <div class=\"banner has-hover\" id=\"banner-1707512034\">\n          <div class=\"banner-inner fill\">\n        <div class=\"banner-bg fill\" >\n            <img loading=\"lazy\" decoding=\"async\" width=\"1366\" height=\"504\" src=\"https:\/\/anphaviet.com\/wp-content\/uploads\/2021\/12\/slide.png\" class=\"bg attachment-original size-original\" alt=\"v\u1eadn chuy\u1ec3n v\u1eadn t\u1ea3i campuchia An Pha Vi\u1ec7t\" \/>                                    \n                    <\/div>\n\t\t\n        <div class=\"banner-layers container\">\n            <div class=\"fill banner-link\"><\/div>            \n\n   <div id=\"text-box-670558478\" class=\"text-box banner-layer hidden x5 md-x5 lg-x5 y95 md-y50 lg-y50 res-text\">\n                                <div class=\"text-box-content text box-shadow-1\">\n              \n              <div class=\"text-inner text-left\">\n                  \n\n<h6>C\u00f4ng ty An Pha Vi\u1ec7t<\/h6>\n<h3 class=\"uppercase\">Th\u00eam m\u1ed9t s\u1ed1 header c\u00f4ng ty<\/h3>\n<p>N\u1ed9i dung n\u00e0o \u0111\u00f3 quan tr\u1ecdng v\u1ec1 c\u00f4ng ty, d\u1ecbch v\u1ee5, gi\u1ea3i ph\u00e1p n\u00ean \u0111\u01b0\u1ee3c li\u1ec7t k\u00ea l\u1ea1i \u0111\u1ea7y \u0111\u1ee7<\/p>\n<a class=\"button primary is-gradient\" >\n\t\t<span>M\u1ed9t n\u00fat<\/span>\n\t<\/a>\n\n\n\n              <\/div>\n           <\/div>\n                            \n<style>\n#text-box-670558478 .text-box-content {\n  background-color: rgba(255, 255, 255, 0.94);\n  font-size: 100%;\n}\n#text-box-670558478 .text-inner {\n  padding: 30px 30px 30px 30px;\n}\n#text-box-670558478 {\n  width: 90%;\n}\n@media (min-width:550px) {\n  #text-box-670558478 {\n    width: 44%;\n  }\n}\n<\/style>\n    <\/div>\n \n\n        <\/div>\n      <\/div>\n\n            \n<style>\n#banner-1707512034 {\n  padding-top: 389px;\n}\n#banner-1707512034 .banner-bg img {\n  object-position: 62% 60%;\n}\n<\/style>\n  <\/div>\n\n\n\n  <div class=\"banner has-hover\" id=\"banner-1263051351\">\n          <div class=\"banner-inner fill\">\n        <div class=\"banner-bg fill\" >\n            <img loading=\"lazy\" decoding=\"async\" width=\"1020\" height=\"448\" src=\"https:\/\/anphaviet.com\/wp-content\/uploads\/2021\/12\/vch10-4.png\" class=\"bg attachment-large size-large\" alt=\"v\u1eadn chuy\u1ec3n v\u1eadn t\u1ea3i campuchia - L\u00e0o An Pha Vi\u1ec7t\" \/>                                    \n                    <\/div>\n\t\t\n        <div class=\"banner-layers container\">\n            <div class=\"fill banner-link\"><\/div>            \n\n   <div id=\"text-box-18678595\" class=\"text-box banner-layer hidden x5 md-x5 lg-x5 y90 md-y50 lg-y50 res-text\">\n                                <div class=\"text-box-content text box-shadow-1\">\n              \n              <div class=\"text-inner text-left\">\n                  \n\n<h6>C\u00f4ng ty An Pha Vi\u1ec7t<\/h6>\n<h3 class=\"uppercase\">Th\u00eam m\u1ed9t s\u1ed1 header c\u00f4ng ty<\/h3>\n<p>N\u1ed9i dung n\u00e0o \u0111\u00f3 quan tr\u1ecdng v\u1ec1 c\u00f4ng ty, d\u1ecbch v\u1ee5, gi\u1ea3i ph\u00e1p n\u00ean \u0111\u01b0\u1ee3c li\u1ec7t k\u00ea l\u1ea1i \u0111\u1ea7y \u0111\u1ee7<\/p>\n<a class=\"button primary\" >\n\t\t<span>M\u1ed9t n\u00fat<\/span>\n\t<\/a>\n\n\n\n              <\/div>\n           <\/div>\n                            \n<style>\n#text-box-18678595 .text-box-content {\n  background-color: rgba(255, 255, 255, 0.94);\n  font-size: 100%;\n}\n#text-box-18678595 .text-inner {\n  padding: 30px 30px 30px 30px;\n}\n#text-box-18678595 {\n  width: 88%;\n}\n@media (min-width:550px) {\n  #text-box-18678595 {\n    width: 50%;\n  }\n}\n<\/style>\n    <\/div>\n \n\n        <\/div>\n      <\/div>\n\n            \n<style>\n#banner-1263051351 {\n  padding-top: 389px;\n}\n#banner-1263051351 .banner-bg img {\n  object-position: 62% 68%;\n}\n<\/style>\n  <\/div>\n\n\n\n     <\/div>\n\n     <div class=\"loading-spin dark large centered\"><\/div>\n\n\t<\/div>\n\n\n\n\t<section class=\"section\" id=\"section_438046214\">\n\t\t<div class=\"section-bg fill\" >\n\t\t\t\t\t\t\t\t\t\n\t\t\t\n\n\t\t<\/div>\n\n\t\t\n\n\t\t<div class=\"section-content relative\">\n\t\t\t\n\n<div class=\"row row-large align-center row-divided\"  id=\"row-1135281229\">\n\n\n\t<div id=\"col-57046911\" class=\"col medium-4 large-4\"  >\n\t\t\t\t<div class=\"col-inner\"  >\n\t\t\t\n\t\t\t\n\n\n\t\t<div class=\"icon-box featured-box icon-box-center text-center\"  style=\"margin:0px 0px 0px 0px;\">\n\t\t\t\t\t<div class=\"icon-box-img has-icon-bg\" style=\"width: 60px\">\n\t\t\t\t<div class=\"icon\">\n\t\t\t\t\t<div class=\"icon-inner\" style=\"border-width:2px;\">\n\t\t\t\t\t\t<img loading=\"lazy\" decoding=\"async\" width=\"300\" height=\"195\" src=\"https:\/\/anphaviet.com\/wp-content\/uploads\/2016\/08\/dummy-1-300x195.jpg\" class=\"attachment-medium size-medium\" alt=\"\" srcset=\"https:\/\/anphaviet.com\/wp-content\/uploads\/2016\/08\/dummy-1-300x195.jpg 300w, https:\/\/anphaviet.com\/wp-content\/uploads\/2016\/08\/dummy-1.jpg 400w\" sizes=\"auto, (max-width: 300px) 100vw, 300px\" \/>\t\t\t\t\t<\/div>\n\t\t\t\t<\/div>\n\t\t\t<\/div>\n\t\t\t\t<div class=\"icon-box-text last-reset\">\n\t\t\t<h5 class=\"uppercase\">V\u1eadn chuy\u1ec3n Campuchia<\/h5>\t\t\t\t\t\t\n\n<p>Ch\u00fang t\u00f4i l\u00e0 c\u00f4ng ty v\u1eadn chuy\u1ec3n h\u00e0ng h\u00f3a hai chi\u1ec1u Vi\u1ec7t Nam &#8211; Campuchia An Pha Vi\u1ec7t cung c\u1ea5p d\u1ecbch v\u1ee5 v\u1eadn chuy\u1ec3n h\u00e0ng h\u00f3a uy t\u00edn.<\/p>\n\n\t\t<\/div>\n\t<\/div>\n\t\n\t\n\n\t\t<\/div>\n\t\t\t\t\t<\/div>\n\n\t\n\n\t<div id=\"col-1520637013\" class=\"col medium-4 large-4\"  >\n\t\t\t\t<div class=\"col-inner\"  >\n\t\t\t\n\t\t\t\n\n\n\t\t<div class=\"icon-box featured-box icon-box-center text-center\"  style=\"margin:0px 0px 0px 0px;\">\n\t\t\t\t\t<div class=\"icon-box-img has-icon-bg\" style=\"width: 60px\">\n\t\t\t\t<div class=\"icon\">\n\t\t\t\t\t<div class=\"icon-inner\" style=\"border-width:2px;\">\n\t\t\t\t\t\t<img loading=\"lazy\" decoding=\"async\" width=\"300\" height=\"195\" src=\"https:\/\/anphaviet.com\/wp-content\/uploads\/2016\/08\/dummy-1-300x195.jpg\" class=\"attachment-medium size-medium\" alt=\"\" srcset=\"https:\/\/anphaviet.com\/wp-content\/uploads\/2016\/08\/dummy-1-300x195.jpg 300w, https:\/\/anphaviet.com\/wp-content\/uploads\/2016\/08\/dummy-1.jpg 400w\" sizes=\"auto, (max-width: 300px) 100vw, 300px\" \/>\t\t\t\t\t<\/div>\n\t\t\t\t<\/div>\n\t\t\t<\/div>\n\t\t\t\t<div class=\"icon-box-text last-reset\">\n\t\t\t<h5 class=\"uppercase\">V\u1eadn chuy\u1ec3n L\u00e0o<\/h5>\t\t\t\t\t\t\n\n<p>Ch\u00fang t\u00f4i l\u00e0 c\u00f4ng ty v\u1eadn chuy\u1ec3n h\u00e0ng h\u00f3a hai chi\u1ec1u Vi\u1ec7t Nam &#8211; Campuchia An Pha Vi\u1ec7t cung c\u1ea5p d\u1ecbch v\u1ee5 v\u1eadn chuy\u1ec3n h\u00e0ng h\u00f3a uy t\u00edn.<\/p>\n\n\t\t<\/div>\n\t<\/div>\n\t\n\t\n\n\t\t<\/div>\n\t\t\t\t\t<\/div>\n\n\t\n\n\t<div id=\"col-1043893114\" class=\"col medium-4 large-4\"  >\n\t\t\t\t<div class=\"col-inner\"  >\n\t\t\t\n\t\t\t\n\n\n\t\t<div class=\"icon-box featured-box icon-box-center text-center\"  style=\"margin:0px 0px 0px 0px;\">\n\t\t\t\t\t<div class=\"icon-box-img has-icon-bg\" style=\"width: 60px\">\n\t\t\t\t<div class=\"icon\">\n\t\t\t\t\t<div class=\"icon-inner\" style=\"border-width:2px;\">\n\t\t\t\t\t\t<img loading=\"lazy\" decoding=\"async\" width=\"300\" height=\"195\" src=\"https:\/\/anphaviet.com\/wp-content\/uploads\/2016\/08\/dummy-1-300x195.jpg\" class=\"attachment-medium size-medium\" alt=\"\" srcset=\"https:\/\/anphaviet.com\/wp-content\/uploads\/2016\/08\/dummy-1-300x195.jpg 300w, https:\/\/anphaviet.com\/wp-content\/uploads\/2016\/08\/dummy-1.jpg 400w\" sizes=\"auto, (max-width: 300px) 100vw, 300px\" \/>\t\t\t\t\t<\/div>\n\t\t\t\t<\/div>\n\t\t\t<\/div>\n\t\t\t\t<div class=\"icon-box-text last-reset\">\n\t\t\t<h5 class=\"uppercase\">\u0110\u1ea1i l\u00fd h\u1ea3i quan<\/h5>\t\t\t\t\t\t\n\n<p>Ch\u00fang t\u00f4i l\u00e0 \u0111\u1ea1i l\u00fd khai b\u00e1o h\u1ea3i quan uy t\u00edn, th\u1ee7 t\u1ee5c nhanh ch\u00f3ng, t\u01b0 v\u1ea5n mi\u1ec5n ph\u00ed, chi ph\u00ed h\u1ee3p l\u00fd.<\/p>\n\n\t\t<\/div>\n\t<\/div>\n\t\n\t\n\n\t\t<\/div>\n\t\t\t\t\t<\/div>\n\n\t\n\n<\/div>\n\n\t\t<\/div>\n\n\t\t\n<style>\n#section_438046214 {\n  padding-top: 30px;\n  padding-bottom: 30px;\n  background-color: rgb(255, 255, 255);\n}\n<\/style>\n\t<\/section>\n\t\n\n\t<section class=\"section\" id=\"section_1042433286\">\n\t\t<div class=\"section-bg fill\" >\n\t\t\t\t\t\t\t\t\t<div class=\"section-bg-overlay absolute fill\"><\/div>\n\t\t\t\n\t<div class=\"is-border\"\n\t\tstyle=\"border-width:1px 0px 1px 0px;\">\n\t<\/div>\n\n\t\t<\/div>\n\n\t\t\n\n\t\t<div class=\"section-content relative\">\n\t\t\t\n\n<div class=\"row row-large align-middle\"  id=\"row-1923350724\">\n\n\n\t<div id=\"col-1137296863\" class=\"col medium-6 small-12 large-6\"  >\n\t\t\t\t<div class=\"col-inner\"  >\n\t\t\t\n\t\t\t\n\n\t<div class=\"img has-hover x md-x lg-x y md-y lg-y\" id=\"image_1265508783\">\n\t\t\t\t\t\t\t\t<div class=\"img-inner box-shadow-2 dark\" >\n\t\t\t<img loading=\"lazy\" decoding=\"async\" width=\"600\" height=\"314\" src=\"https:\/\/anphaviet.com\/wp-content\/uploads\/2021\/12\/lien-lac-theo-doi-khach-hang.jpg\" class=\"attachment-large size-large\" alt=\"cham soc khach hang\" \/>\t\t\t\t\t\t\n\t\t\t\t\t<\/div>\n\t\t\t\t\t\t\t\t\n<style>\n#image_1265508783 {\n  width: 100%;\n}\n<\/style>\n\t<\/div>\n\t\n\n\n\t\t<\/div>\n\t\t\t\t\t<\/div>\n\n\t\n\n\t<div id=\"col-1105202419\" class=\"col medium-6 small-12 large-6\"  >\n\t\t\t\t<div class=\"col-inner text-left\"  >\n\t\t\t\n\t\t\t\n\n<h2 class=\"uppercase\">Ch\u0103m s\u00f3c kh\u00e1ch h\u00e0ng<\/h2>\n<p>Ch\u00fang t\u00f4i l\u00e0 m\u1ed9t t\u1eadp th\u1ec3 tr\u1ebb trung, n\u0103ng \u0111\u1ed9ng, s\u00e1ng t\u1ea1o, lu\u00f4n t\u1eadn t\u00e2m v\u1edbi c\u00f4ng vi\u1ec7c. Ch\u00fang t\u00f4i cam k\u1ebft ph\u1ee5c v\u1ee5 t\u1ed1t cho b\u1ea1n.<\/p>\n<p>V\u1edbi g\u1ea7n 10 n\u0103m kinh nghi\u1ec7m, ch\u00fang t\u00f4i s\u1ebd mang \u0111\u1ebfn cho b\u1ea1n nh\u1eefng d\u1ecbch v\u1ee5 h\u00e0i l\u00f2ng v\u00e0 ti\u1ec7n l\u1ee3i.<\/p>\n<a class=\"button primary hidden\" >\n\t\t<span>Add Any content here<\/span>\n\t<\/a>\n\n\n\n\t\t<\/div>\n\t\t\t\t\t<\/div>\n\n\t\n\n<\/div>\n\n\t\t<\/div>\n\n\t\t\n<style>\n#section_1042433286 {\n  padding-top: 60px;\n  padding-bottom: 60px;\n  background-color: rgb(193, 193, 193);\n}\n#section_1042433286 .section-bg-overlay {\n  background-color: rgba(255, 255, 255, 0.85);\n}\n<\/style>\n\t<\/section>\n\t\n\n\t<section class=\"section\" id=\"section_1573904240\">\n\t\t<div class=\"section-bg fill\" >\n\t\t\t\t\t\t\t\t\t<div class=\"section-bg-overlay absolute fill\"><\/div>\n\t\t\t\n\n\t\t<\/div>\n\n\t\t\n\n\t\t<div class=\"section-content relative\">\n\t\t\t\n\n<div class=\"row row-large align-middle\"  id=\"row-1733565301\">\n\n\n\t<div id=\"col-140126128\" class=\"col medium-6 small-12 large-6\"  >\n\t\t\t\t<div class=\"col-inner text-left\"  >\n\t\t\t\n\t\t\t\n\n<h2 class=\"uppercase\">Cam k\u1ebft giao h\u00e0ng nhanh ch\u00f3ng<\/h2>\n<p>V\u1edbi g\u1ea7n 10 n\u0103m kinh nghi\u1ec7m, ch\u00fang t\u00f4i t\u1ef1 tin cam k\u1ebft:<br>&#8211; Gi\u1eef h\u00e0ng h\u00f3a an to\u00e0n<br>&#8211; Giao h\u00e0ng \u0111\u00fang h\u1ea1n<br>&#8211; Giao h\u00e0ng t\u1eadn n\u01a1i<\/p>\n<a class=\"button primary hidden\" >\n\t\t<span>Add Any content here<\/span>\n\t<\/a>\n\n\n\n\t\t<\/div>\n\t\t\t\t\t<\/div>\n\n\t\n\n\t<div id=\"col-1117767471\" class=\"col medium-6 small-12 large-6\"  >\n\t\t\t\t<div class=\"col-inner\"  >\n\t\t\t\n\t\t\t\n\n\t<div class=\"img has-hover x md-x lg-x y md-y lg-y\" id=\"image_1893822595\">\n\t\t\t\t\t\t\t\t<div class=\"img-inner box-shadow-2 dark\" >\n\t\t\t<img loading=\"lazy\" decoding=\"async\" width=\"500\" height=\"323\" src=\"https:\/\/anphaviet.com\/wp-content\/uploads\/2021\/12\/daiphat3.png\" class=\"attachment-large size-large\" alt=\"giao hang an pha viet\" \/>\t\t\t\t\t\t\n\t\t\t\t\t<\/div>\n\t\t\t\t\t\t\t\t\n<style>\n#image_1893822595 {\n  width: 100%;\n}\n<\/style>\n\t<\/div>\n\t\n\n\n\t\t<\/div>\n\t\t\t\t\t<\/div>\n\n\t\n\n<\/div>\n\n\t\t<\/div>\n\n\t\t\n<style>\n#section_1573904240 {\n  padding-top: 60px;\n  padding-bottom: 60px;\n  background-color: rgb(255, 255, 255);\n}\n#section_1573904240 .section-bg-overlay {\n  background-color: rgba(255, 255, 255, 0.85);\n}\n<\/style>\n\t<\/section>\n\t\n\n\t<section class=\"section\" id=\"section_1695860195\">\n\t\t<div class=\"section-bg fill\" >\n\t\t\t\t\t\t\t\t\t\n\t\t\t\n\t<div class=\"is-border\"\n\t\tstyle=\"border-width:1px 0px 1px 0px;\">\n\t<\/div>\n\n\t\t<\/div>\n\n\t\t\n\n\t\t<div class=\"section-content relative\">\n\t\t\t\n\n<div class=\"row align-equal\"  id=\"row-390606374\">\n\n\n\t<div id=\"col-702342835\" class=\"col medium-3 small-12 large-3\"  >\n\t\t\t\t<div class=\"col-inner\"  >\n\t\t\t\n\t\t\t\n\n<h2 class=\"uppercase\">Tin m\u1edbi nh\u1ea5t<\/h2>\n<p>Xem tin t\u1ee9c li\u00ean quan \u0111\u1ebfn v\u1eadn t\u1ea3i gi\u1eefa Vi\u1ec7t Nam v\u00e0 Campuchia.<\/p>\n<a class=\"button primary lowercase\" >\n\t\t<span>Tin t\u1ee9c c\u1ee7a ch\u00fang t\u00f4i<\/span>\n\t<\/a>\n\n\n\n\t\t<\/div>\n\t\t\t\t\t<\/div>\n\n\t\n\n\t<div id=\"col-671670314\" class=\"col medium-9 small-12 large-9\"  >\n\t\t\t\t<div class=\"col-inner\"  >\n\t\t\t\n\t\t\t\n\n\n  \n    <div class=\"row large-columns-2 medium-columns- small-columns-1 has-shadow row-box-shadow-1 slider row-slider slider-nav-circle\"  data-flickity-options='{&quot;imagesLoaded&quot;: true, &quot;groupCells&quot;: &quot;100%&quot;, &quot;dragThreshold&quot; : 5, &quot;cellAlign&quot;: &quot;left&quot;,&quot;wrapAround&quot;: true,&quot;prevNextButtons&quot;: true,&quot;percentPosition&quot;: true,&quot;pageDots&quot;: false, &quot;rightToLeft&quot;: false, &quot;autoPlay&quot; : false}' >\n\n  <div class=\"col post-item\" >\n\t\t\t<div class=\"col-inner\">\n\t\t\t\t<div class=\"box box-vertical box-text-bottom box-blog-post has-hover\">\n            \t\t\t\t\t<div class=\"box-image\" style=\"width:40%;\">\n  \t\t\t\t\t\t<div class=\"image-cover\" style=\"padding-top:223px;\">\n\t\t\t\t\t\t\t<a href=\"https:\/\/anphaviet.com\/vi\/danh-gia-so-bo-ve-giao-thuong-hang-hoa-quoc-te-cua-viet-nam\/\" class=\"plain\" aria-label=\"\u0110\u00e1nh gi\u00e1 s\u01a1 b\u1ed9 v\u1ec1 giao th\u01b0\u01a1ng h\u00e0ng h\u00f3a qu\u1ed1c t\u1ebf c\u1ee7a Vi\u1ec7t Nam\">\n\t\t\t\t\t\t\t\t<img loading=\"lazy\" decoding=\"async\" width=\"492\" height=\"400\" src=\"https:\/\/anphaviet.com\/wp-content\/uploads\/2015\/10\/image006-492x400.gif\" class=\"attachment-medium size-medium wp-post-image\" alt=\"\" srcset=\"https:\/\/anphaviet.com\/wp-content\/uploads\/2015\/10\/image006-492x400.gif 492w, https:\/\/anphaviet.com\/wp-content\/uploads\/2015\/10\/image006-600x488.gif 600w\" sizes=\"auto, (max-width: 492px) 100vw, 492px\" \/>\t\t\t\t\t\t\t<\/a>\n  \t\t\t\t\t\t\t  \t\t\t\t\t\t\t  \t\t\t\t\t\t<\/div>\n  \t\t\t\t\t\t  \t\t\t\t\t<\/div>\n          \t\t\t\t\t<div class=\"box-text text-left\" style=\"background-color:rgb(255, 255, 255);\">\n\t\t\t\t\t<div class=\"box-text-inner blog-post-inner\">\n\n\t\t\t\t\t\n\t\t\t\t\t\t\t\t\t\t<h5 class=\"post-title is-large \">\n\t\t\t\t\t\t<a href=\"https:\/\/anphaviet.com\/vi\/danh-gia-so-bo-ve-giao-thuong-hang-hoa-quoc-te-cua-viet-nam\/\" class=\"plain\">\u0110\u00e1nh gi\u00e1 s\u01a1 b\u1ed9 v\u1ec1 giao th\u01b0\u01a1ng h\u00e0ng h\u00f3a qu\u1ed1c t\u1ebf c\u1ee7a Vi\u1ec7t Nam<\/a>\n\t\t\t\t\t<\/h5>\n\t\t\t\t\t\t\t\t\t\t<div class=\"is-divider\"><\/div>\n\t\t\t\t\t\t\t\t\t\t<p class=\"from_the_blog_excerpt \">\n\t\t\t\t\t\t\t\t\t\t\t<\/p>\n\t\t\t\t\t                    \n\t\t\t\t\t\n\t\t\t\t\t\n\t\t\t\t\t<\/div>\n\t\t\t\t\t<\/div>\n\t\t\t\t\t\t\t\t\t\t\t\t\t\t\t\t<div class=\"badge absolute top post-date badge-outline\">\n\t\t\t\t\t\t\t<div class=\"badge-inner\">\n\t\t\t\t\t\t\t\t<span class=\"post-date-day\">07<\/span><br>\n\t\t\t\t\t\t\t\t<span class=\"post-date-month is-xsmall\">Dec<\/span>\n\t\t\t\t\t\t\t<\/div>\n\t\t\t\t\t\t<\/div>\n\t\t\t\t\t\t\t\t\t<\/div>\n\t\t\t<\/div>\n\t\t<\/div><div class=\"col post-item\" >\n\t\t\t<div class=\"col-inner\">\n\t\t\t\t<div class=\"box box-vertical box-text-bottom box-blog-post has-hover\">\n            \t\t\t\t\t<div class=\"box-image\" style=\"width:40%;\">\n  \t\t\t\t\t\t<div class=\"image-cover\" style=\"padding-top:223px;\">\n\t\t\t\t\t\t\t<a href=\"https:\/\/anphaviet.com\/vi\/danh-gia-so-bo-tinh-hinh-giao-thuong-hang-hoa-quoc-te-viet-nam-9-thang-dau-nam-2021\/\" class=\"plain\" aria-label=\"\u0110\u00e1nh gi\u00e1 s\u01a1 b\u1ed9 t\u00ecnh h\u00ecnh giao th\u01b0\u01a1ng h\u00e0ng h\u00f3a qu\u1ed1c t\u1ebf Vi\u1ec7t Nam 9 th\u00e1ng \u0111\u1ea7u n\u0103m 2021\">\n\t\t\t\t\t\t\t\t<img loading=\"lazy\" decoding=\"async\" width=\"443\" height=\"400\" src=\"https:\/\/anphaviet.com\/wp-content\/uploads\/2015\/11\/image004-443x400.gif\" class=\"attachment-medium size-medium wp-post-image\" alt=\"\" srcset=\"https:\/\/anphaviet.com\/wp-content\/uploads\/2015\/11\/image004-443x400.gif 443w, https:\/\/anphaviet.com\/wp-content\/uploads\/2015\/11\/image004-600x542.gif 600w\" sizes=\"auto, (max-width: 443px) 100vw, 443px\" \/>\t\t\t\t\t\t\t<\/a>\n  \t\t\t\t\t\t\t  \t\t\t\t\t\t\t  \t\t\t\t\t\t<\/div>\n  \t\t\t\t\t\t  \t\t\t\t\t<\/div>\n          \t\t\t\t\t<div class=\"box-text text-left\" style=\"background-color:rgb(255, 255, 255);\">\n\t\t\t\t\t<div class=\"box-text-inner blog-post-inner\">\n\n\t\t\t\t\t\n\t\t\t\t\t\t\t\t\t\t<h5 class=\"post-title is-large \">\n\t\t\t\t\t\t<a href=\"https:\/\/anphaviet.com\/vi\/danh-gia-so-bo-tinh-hinh-giao-thuong-hang-hoa-quoc-te-viet-nam-9-thang-dau-nam-2021\/\" class=\"plain\">\u0110\u00e1nh gi\u00e1 s\u01a1 b\u1ed9 t\u00ecnh h\u00ecnh giao th\u01b0\u01a1ng h\u00e0ng h\u00f3a qu\u1ed1c t\u1ebf Vi\u1ec7t Nam 9 th\u00e1ng \u0111\u1ea7u n\u0103m 2021<\/a>\n\t\t\t\t\t<\/h5>\n\t\t\t\t\t\t\t\t\t\t<div class=\"is-divider\"><\/div>\n\t\t\t\t\t\t\t\t\t\t<p class=\"from_the_blog_excerpt \">\n\t\t\t\t\t\t\t\t\t\t\t<\/p>\n\t\t\t\t\t                    \n\t\t\t\t\t\n\t\t\t\t\t\n\t\t\t\t\t<\/div>\n\t\t\t\t\t<\/div>\n\t\t\t\t\t\t\t\t\t\t\t\t\t\t\t\t<div class=\"badge absolute top post-date badge-outline\">\n\t\t\t\t\t\t\t<div class=\"badge-inner\">\n\t\t\t\t\t\t\t\t<span class=\"post-date-day\">07<\/span><br>\n\t\t\t\t\t\t\t\t<span class=\"post-date-month is-xsmall\">Dec<\/span>\n\t\t\t\t\t\t\t<\/div>\n\t\t\t\t\t\t<\/div>\n\t\t\t\t\t\t\t\t\t<\/div>\n\t\t\t<\/div>\n\t\t<\/div><\/div>\n\n\n\t\t<\/div>\n\t\t\t\t\t<\/div>\n\n\t\n\n<\/div>\n\n\t\t<\/div>\n\n\t\t\n<style>\n#section_1695860195 {\n  padding-top: 43px;\n  padding-bottom: 43px;\n  min-height: 276px;\n  background-color: rgb(241, 241, 241);\n}\n<\/style>\n\t<\/section>\n\t\n<div class=\"row\"  id=\"row-1230426163\">\n\n\n\t<div id=\"col-1590687760\" class=\"col small-12 large-12\"  >\n\t\t\t\t<div class=\"col-inner\"  >\n\t\t\t\n\t\t\t\n\n<p>B\u1ea2N QUY\u1ec0N C\u00d4NG TY AN PHA VI\u1ec6T Ltd VIETNAM<\/p>\n<p>\u0110\u1ecba ch\u1ec9: 32\/9\/22 T\u00e2n H\u01b0\u01a1ng, P.T\u00e2n Qu\u00fd, Q.T\u00e2n Ph\u00fa, TP.HCM.<\/p>\n<p>Tel: 028 22003114<\/p>\n\n\n\t\t<\/div>\n\t\t\t\t\t<\/div>\n\n\t\n\n<\/div>\n\n","protected":false},"excerpt":{"rendered":"","protected":false},"author":1,"featured_media":420,"parent":0,"menu_order":1,"comment_status":"closed","ping_status":"closed","template":"page-blank.php","meta":{"footnotes":""},"class_list":["post-437","page","type-page","status-publish","has-post-thumbnail","hentry"],"_links":{"self":[{"href":"https:\/\/anphaviet.com\/vi\/wp-json\/wp\/v2\/pages\/437","targetHints":{"allow":["GET"]}}],"collection":[{"href":"https:\/\/anphaviet.com\/vi\/wp-json\/wp\/v2\/pages"}],"about":[{"href":"https:\/\/anphaviet.com\/vi\/wp-json\/wp\/v2\/types\/page"}],"author":[{"embeddable":true,"href":"https:\/\/anphaviet.com\/vi\/wp-json\/wp\/v2\/users\/1"}],"replies":[{"embeddable":true,"href":"https:\/\/anphaviet.com\/vi\/wp-json\/wp\/v2\/comments?post=437"}],"version-history":[{"count":2,"href":"https:\/\/anphaviet.com\/vi\/wp-json\/wp\/v2\/pages\/437\/revisions"}],"predecessor-version":[{"id":487,"href":"https:\/\/anphaviet.com\/vi\/wp-json\/wp\/v2\/pages\/437\/revisions\/487"}],"wp:featuredmedia":[{"embeddable":true,"href":"https:\/\/anphaviet.com\/vi\/wp-json\/wp\/v2\/media\/420"}],"wp:attachment":[{"href":"https:\/\/anphaviet.com\/vi\/wp-json\/wp\/v2\/media?parent=437"}],"curies":[{"name":"wp","href":"https:\/\/api.w.org\/{rel}","templated":true}]}}